{"id":90,"date":"2025-04-18T09:07:02","date_gmt":"2025-04-18T09:07:02","guid":{"rendered":"https:\/\/spielerlebnis-ahlten.de\/?page_id=90"},"modified":"2025-06-14T17:59:30","modified_gmt":"2025-06-14T17:59:30","slug":"kontakformular","status":"publish","type":"page","link":"https:\/\/spielerlebnis-ahlten.de\/?page_id=90","title":{"rendered":"Kontaktformular"},"content":{"rendered":"\n<div style=\"height:50px\" aria-hidden=\"true\" class=\"wp-block-spacer\"><\/div>\n\n\n\n<h1 class=\"wp-block-heading has-text-align-center has-text-color has-link-color wp-elements-b9ffe174edb29e0461c4ce4ab8046087\" style=\"color:#004f87\"><strong>Buchungsanfrage<\/strong><\/h1>\n\n\n\n<div style=\"height:50px\" aria-hidden=\"true\" class=\"wp-block-spacer\"><\/div>\n\n\n\n<h2 class=\"wp-block-heading has-text-align-center has-text-color has-link-color wp-elements-a290ac9b97a7ed8f57e5dda0d0dcbabb\" style=\"color:#004f87\"><strong>\ud83c\udf89 So einfach l\u00e4uft die Buchung Ihrer H\u00fcpfburg oder Fotobox ab<\/strong><\/h2>\n\n\n\n<p class=\"has-text-align-center has-large-font-size\">Sie m\u00f6chten eine H\u00fcpfburg mieten oder eine Fotobox f\u00fcr Ihre Feier buchen \u2013 zum Beispiel f\u00fcr einen Kindergeburtstag, eine Hochzeit oder ein Firmenevent?<br>Kein Problem! Bei Spielerlebnis Ahlten ist der Buchungsprozess einfach, schnell und zuverl\u00e4ssig.<\/p>\n\n\n\n<div style=\"height:50px\" aria-hidden=\"true\" class=\"wp-block-spacer\"><\/div>\n\n\n\n<div class=\"wp-block-columns is-layout-flex wp-container-core-columns-is-layout-28f84493 wp-block-columns-is-layout-flex\">\n<div class=\"wp-block-column is-layout-flow wp-block-column-is-layout-flow\">\n<link rel=\"stylesheet\" href=\"https:\/\/use.fontawesome.com\/releases\/v6.2.1\/css\/all.css\">\n  <link rel=\"stylesheet\" href=\"https:\/\/stackpath.bootstrapcdn.com\/bootstrap\/4.4.1\/css\/bootstrap.min.css\">\n  <link rel=\"stylesheet\" type=\"text\/css\" href=\"https:\/\/unpkg.com\/bookitup-form-builder@1.1.3\/dist\/app.css\">\n  <link rel=\"stylesheet\" type=\"text\/css\" href=\"https:\/\/connect.bookitup.de\/bookitup-forms\/20278\/css\/bookitup-form-db8997b4-5f26-4aa8-bf49-767fc3bdac84.css\">\n\n    <div class=\"form-container\">\n      <div class=\"form-background\"><\/div>\n      <div id=\"form-generator\" class=\"form-horizontal\"><\/div>\n    <\/div>\n\n  <script src=\"https:\/\/unpkg.com\/react@16.8.6\/umd\/react.production.min.js\" crossorigin><\/script>\n  <script src=\"https:\/\/unpkg.com\/react-dom@16.8.6\/umd\/react-dom.production.min.js\" crossorigin><\/script>\n  <script src=\"https:\/\/unpkg.com\/bookitup-form-builder@1.1.3\/dist\/app.js\"><\/script>\n  <script src=\"https:\/\/connect.bookitup.de\/bookitup-forms\/20278\/js\/bookitup-script-db8997b4-5f26-4aa8-bf49-767fc3bdac84-min.js\"><\/script>\n<\/div>\n\n\n\n<div class=\"wp-block-column is-layout-flow wp-block-column-is-layout-flow\">\n<h2 class=\"wp-block-heading has-text-color has-link-color wp-elements-2b9d18480dc35b43ce91e687e5f4799a\" style=\"color:#004f87\">\ud83d\udcdd 1. Kontaktformular ausf\u00fcllen<\/h2>\n\n\n\n<p class=\"has-large-font-size\">Tragen Sie Ihre Daten, den gew\u00fcnschten Termin, Ort und die gew\u00fcnschte H\u00fcpfburg oder Fotobox in unser Kontaktformular ein.<br>\ud83d\udc49 Je genauer Ihre Angaben, desto schneller k\u00f6nnen wir Ihre Anfrage bearbeiten.<\/p>\n\n\n\n<div style=\"height:50px\" aria-hidden=\"true\" class=\"wp-block-spacer\"><\/div>\n\n\n\n<h2 class=\"wp-block-heading has-text-color has-link-color wp-elements-4e6fb7679d17b21ee18e14cee761f032\" style=\"color:#004f87\">\ud83d\udcde 2. Pers\u00f6nliche R\u00fcckmeldung<\/h2>\n\n\n\n<p class=\"has-large-font-size\">Wir melden uns schnellstm\u00f6glich bei Ihnen zur\u00fcck \u2013 telefonisch oder per E-Mail.<br>\u2705 Gemeinsam kl\u00e4ren wir alle Details und pr\u00fcfen, ob Ihre Wunsch-H\u00fcpfburg oder Fotobox zum gew\u00fcnschten Datum verf\u00fcgbar ist.<br>\ud83d\udcac Nat\u00fcrlich stehen wir Ihnen jederzeit f\u00fcr Fragen oder Beratung zur Verf\u00fcgung.<\/p>\n\n\n\n<div style=\"height:50px\" aria-hidden=\"true\" class=\"wp-block-spacer\"><\/div>\n\n\n\n<h2 class=\"wp-block-heading has-text-color has-link-color wp-elements-97a4ecd42130d7d4d47e22d71409a87c\" style=\"color:#004f87\">\u270d\ufe0f 3. Verbindliche Buchung mit Vertrag<\/h2>\n\n\n\n<p class=\"has-large-font-size\">Ist alles abgestimmt, erhalten Sie von uns einen Buchungsvertrag.<br>Nach Unterzeichnung ist Ihre H\u00fcpfburg oder Fotobox fest f\u00fcr Sie reserviert \u2013 transparent, verbindlich und sorgenfrei.<\/p>\n\n\n\n<div style=\"height:50px\" aria-hidden=\"true\" class=\"wp-block-spacer\"><\/div>\n<\/div>\n<\/div>\n\n\n\n<div style=\"height:50px\" aria-hidden=\"true\" class=\"wp-block-spacer\"><\/div>\n\n\n\n<h2 class=\"wp-block-heading has-text-align-center has-text-color has-link-color wp-elements-0b769dff5aa6519aa739fa4409451af2\" style=\"color:#004f87\">\ud83d\udce9 Starten Sie jetzt Ihre Anfrage \u2013 ganz einfach per Formular oder WhatsApp!<\/h2>\n\n\n\n<p class=\"has-text-align-center has-base-color has-text-color has-link-color has-large-font-size wp-elements-02bc26155891ccfae001ddff3f6773e0\">Bringen Sie Kinderaugen zum Leuchten und machen Sie Ihre Veranstaltung zu einem unvergesslichen Erlebnis.<br>\ud83d\udcf1 Schreiben Sie uns gern direkt <strong><a href=\"https:\/\/web.whatsapp.com\/send?phone=4951325068440&amp;text=Hallo Gero, ich w\u00fcrde die H\u00fcpfburg\/Fotobox gerne f\u00fcr den...\">per >WhatsApp<\/a><\/strong> oder nutzen Sie unser praktisches Kontaktformular \u2013 wir freuen uns auf Ihre Nachricht!<\/p>\n\n\n\n<div class=\"wp-block-buttons is-content-justification-center is-layout-flex wp-container-core-buttons-is-layout-a89b3969 wp-block-buttons-is-layout-flex\">\n<div class=\"wp-block-button\"><a class=\"wp-block-button__link has-contrast-color has-text-color has-background has-link-color has-text-align-center wp-element-button\" href=\"https:\/\/web.whatsapp.com\/send?phone=4951325068440&amp;text=Hallo Gero, ich w\u00fcrde die H\u00fcpfburg\/Fotobox gerne f\u00fcr den...\" style=\"background-color:#004f87\"><strong>\ud83d\udfe2 WhatsApp Anfragen<\/strong><\/a><\/div>\n<\/div>\n\n\n\n<div style=\"height:50px\" aria-hidden=\"true\" class=\"wp-block-spacer\"><\/div>\n\n\n\n<h2 class=\"wp-block-heading has-text-color has-link-color wp-elements-82d5d8f0c5945f68547906110a550e85\" style=\"color:#004f87\">\u2705 Ihre Vorteile bei Spielerlebnis Ahlten:<\/h2>\n\n\n\n<p class=\"has-large-font-size\">\ud83d\ude80 <strong>Schnelle R\u00fcckmeldung &amp; pers\u00f6nliche Beratung<\/strong><\/p>\n\n\n\n<p class=\"has-large-font-size\">\ud83d\udd12 <strong>Verbindlicher Vertrag &amp; transparente Preise<\/strong><\/p>\n\n\n\n<p class=\"has-large-font-size\">\ud83c\udfaf <strong>Unkomplizierter Ablauf \u2013 von der Anfrage bis zum Event<\/strong><\/p>\n\n\n\n<p class=\"has-large-font-size\">\ud83e\udd73 <strong>Gro\u00dfe Auswahl an H\u00fcpfburgen und Fotoboxen f\u00fcr jeden Anlass<\/strong><\/p>\n","protected":false},"excerpt":{"rendered":"<p>Buchungsanfrage \ud83c\udf89 So einfach l\u00e4uft die Buchung Ihrer H\u00fcpfburg oder Fotobox ab Sie m\u00f6chten eine H\u00fcpfburg mieten oder eine Fotobox f\u00fcr Ihre Feier buchen \u2013 zum Beispiel f\u00fcr einen Kindergeburtstag, eine Hochzeit oder ein Firmenevent?Kein Problem! Bei Spielerlebnis Ahlten ist der Buchungsprozess einfach, schnell und zuverl\u00e4ssig. \ud83d\udcdd 1. Kontaktformular ausf\u00fcllen Tragen Sie Ihre Daten, den [&hellip;]<\/p>\n","protected":false},"author":1,"featured_media":0,"parent":0,"menu_order":0,"comment_status":"closed","ping_status":"closed","template":"","meta":{"footnotes":""},"class_list":["post-90","page","type-page","status-publish","hentry"],"yoast_head":"<!-- This site is optimized with the Yoast SEO plugin v27.1.1 - https:\/\/yoast.com\/product\/yoast-seo-wordpress\/ -->\n<title>Kontaktformular - Spielerlebnis Ahlten<\/title>\n<meta name=\"description\" content=\"Unkompliziert H\u00fcpfburgen &amp; Fotoboxen mieten \u2013 perfekt f\u00fcr Geburtstag, Hochzeit oder Event. Spielerlebnis Ahlten \u2013 Jetzt Anfrage senden!\" \/>\n<meta name=\"robots\" content=\"index, follow, max-snippet:-1, max-image-preview:large, max-video-preview:-1\" \/>\n<link rel=\"canonical\" href=\"https:\/\/spielerlebnis-ahlten.de\/?page_id=90\" \/>\n<meta property=\"og:locale\" content=\"de_DE\" \/>\n<meta property=\"og:type\" content=\"article\" \/>\n<meta property=\"og:title\" content=\"Kontaktformular - Spielerlebnis Ahlten\" \/>\n<meta property=\"og:description\" content=\"Unkompliziert H\u00fcpfburgen &amp; Fotoboxen mieten \u2013 perfekt f\u00fcr Geburtstag, Hochzeit oder Event. Spielerlebnis Ahlten \u2013 Jetzt Anfrage senden!\" \/>\n<meta property=\"og:url\" content=\"https:\/\/spielerlebnis-ahlten.de\/?page_id=90\" \/>\n<meta property=\"og:site_name\" content=\"Spielerlebnis Ahlten\" \/>\n<meta property=\"article:modified_time\" content=\"2025-06-14T17:59:30+00:00\" \/>\n<meta name=\"twitter:card\" content=\"summary_large_image\" \/>\n<meta name=\"twitter:label1\" content=\"Gesch\u00e4tzte Lesezeit\" \/>\n\t<meta name=\"twitter:data1\" content=\"2\u00a0Minuten\" \/>\n<script type=\"application\/ld+json\" class=\"yoast-schema-graph\">{\"@context\":\"https:\/\/schema.org\",\"@graph\":[{\"@type\":\"WebPage\",\"@id\":\"https:\/\/spielerlebnis-ahlten.de\/?page_id=90\",\"url\":\"https:\/\/spielerlebnis-ahlten.de\/?page_id=90\",\"name\":\"Kontaktformular - Spielerlebnis Ahlten\",\"isPartOf\":{\"@id\":\"https:\/\/spielerlebnis-ahlten.de\/#website\"},\"datePublished\":\"2025-04-18T09:07:02+00:00\",\"dateModified\":\"2025-06-14T17:59:30+00:00\",\"description\":\"Unkompliziert H\u00fcpfburgen & Fotoboxen mieten \u2013 perfekt f\u00fcr Geburtstag, Hochzeit oder Event. Spielerlebnis Ahlten \u2013 Jetzt Anfrage senden!\",\"breadcrumb\":{\"@id\":\"https:\/\/spielerlebnis-ahlten.de\/?page_id=90#breadcrumb\"},\"inLanguage\":\"de\",\"potentialAction\":[{\"@type\":\"ReadAction\",\"target\":[\"https:\/\/spielerlebnis-ahlten.de\/?page_id=90\"]}]},{\"@type\":\"BreadcrumbList\",\"@id\":\"https:\/\/spielerlebnis-ahlten.de\/?page_id=90#breadcrumb\",\"itemListElement\":[{\"@type\":\"ListItem\",\"position\":1,\"name\":\"Startseite\",\"item\":\"https:\/\/spielerlebnis-ahlten.de\/\"},{\"@type\":\"ListItem\",\"position\":2,\"name\":\"Kontaktformular\"}]},{\"@type\":\"WebSite\",\"@id\":\"https:\/\/spielerlebnis-ahlten.de\/#website\",\"url\":\"https:\/\/spielerlebnis-ahlten.de\/\",\"name\":\"Spielerlebnis Ahlten\",\"description\":\"Herzlich Willkommen im Spielerlebnis Ahlten\",\"publisher\":{\"@id\":\"https:\/\/spielerlebnis-ahlten.de\/#organization\"},\"potentialAction\":[{\"@type\":\"SearchAction\",\"target\":{\"@type\":\"EntryPoint\",\"urlTemplate\":\"https:\/\/spielerlebnis-ahlten.de\/?s={search_term_string}\"},\"query-input\":{\"@type\":\"PropertyValueSpecification\",\"valueRequired\":true,\"valueName\":\"search_term_string\"}}],\"inLanguage\":\"de\"},{\"@type\":\"Organization\",\"@id\":\"https:\/\/spielerlebnis-ahlten.de\/#organization\",\"name\":\"Spielerlebnis Ahlten\",\"url\":\"https:\/\/spielerlebnis-ahlten.de\/\",\"logo\":{\"@type\":\"ImageObject\",\"inLanguage\":\"de\",\"@id\":\"https:\/\/spielerlebnis-ahlten.de\/#\/schema\/logo\/image\/\",\"url\":\"https:\/\/spielerlebnis-ahlten.de\/wp-content\/uploads\/2025\/03\/cropped-WhatsApp-Image-2025-03-30-at-17.45.51.jpeg\",\"contentUrl\":\"https:\/\/spielerlebnis-ahlten.de\/wp-content\/uploads\/2025\/03\/cropped-WhatsApp-Image-2025-03-30-at-17.45.51.jpeg\",\"width\":1024,\"height\":1024,\"caption\":\"Spielerlebnis Ahlten\"},\"image\":{\"@id\":\"https:\/\/spielerlebnis-ahlten.de\/#\/schema\/logo\/image\/\"}}]}<\/script>\n<!-- \/ Yoast SEO plugin. -->","yoast_head_json":{"title":"Kontaktformular - Spielerlebnis Ahlten","description":"Unkompliziert H\u00fcpfburgen & Fotoboxen mieten \u2013 perfekt f\u00fcr Geburtstag, Hochzeit oder Event. Spielerlebnis Ahlten \u2013 Jetzt Anfrage senden!","robots":{"index":"index","follow":"follow","max-snippet":"max-snippet:-1","max-image-preview":"max-image-preview:large","max-video-preview":"max-video-preview:-1"},"canonical":"https:\/\/spielerlebnis-ahlten.de\/?page_id=90","og_locale":"de_DE","og_type":"article","og_title":"Kontaktformular - Spielerlebnis Ahlten","og_description":"Unkompliziert H\u00fcpfburgen & Fotoboxen mieten \u2013 perfekt f\u00fcr Geburtstag, Hochzeit oder Event. Spielerlebnis Ahlten \u2013 Jetzt Anfrage senden!","og_url":"https:\/\/spielerlebnis-ahlten.de\/?page_id=90","og_site_name":"Spielerlebnis Ahlten","article_modified_time":"2025-06-14T17:59:30+00:00","twitter_card":"summary_large_image","twitter_misc":{"Gesch\u00e4tzte Lesezeit":"2\u00a0Minuten"},"schema":{"@context":"https:\/\/schema.org","@graph":[{"@type":"WebPage","@id":"https:\/\/spielerlebnis-ahlten.de\/?page_id=90","url":"https:\/\/spielerlebnis-ahlten.de\/?page_id=90","name":"Kontaktformular - Spielerlebnis Ahlten","isPartOf":{"@id":"https:\/\/spielerlebnis-ahlten.de\/#website"},"datePublished":"2025-04-18T09:07:02+00:00","dateModified":"2025-06-14T17:59:30+00:00","description":"Unkompliziert H\u00fcpfburgen & Fotoboxen mieten \u2013 perfekt f\u00fcr Geburtstag, Hochzeit oder Event. Spielerlebnis Ahlten \u2013 Jetzt Anfrage senden!","breadcrumb":{"@id":"https:\/\/spielerlebnis-ahlten.de\/?page_id=90#breadcrumb"},"inLanguage":"de","potentialAction":[{"@type":"ReadAction","target":["https:\/\/spielerlebnis-ahlten.de\/?page_id=90"]}]},{"@type":"BreadcrumbList","@id":"https:\/\/spielerlebnis-ahlten.de\/?page_id=90#breadcrumb","itemListElement":[{"@type":"ListItem","position":1,"name":"Startseite","item":"https:\/\/spielerlebnis-ahlten.de\/"},{"@type":"ListItem","position":2,"name":"Kontaktformular"}]},{"@type":"WebSite","@id":"https:\/\/spielerlebnis-ahlten.de\/#website","url":"https:\/\/spielerlebnis-ahlten.de\/","name":"Spielerlebnis Ahlten","description":"Herzlich Willkommen im Spielerlebnis Ahlten","publisher":{"@id":"https:\/\/spielerlebnis-ahlten.de\/#organization"},"potentialAction":[{"@type":"SearchAction","target":{"@type":"EntryPoint","urlTemplate":"https:\/\/spielerlebnis-ahlten.de\/?s={search_term_string}"},"query-input":{"@type":"PropertyValueSpecification","valueRequired":true,"valueName":"search_term_string"}}],"inLanguage":"de"},{"@type":"Organization","@id":"https:\/\/spielerlebnis-ahlten.de\/#organization","name":"Spielerlebnis Ahlten","url":"https:\/\/spielerlebnis-ahlten.de\/","logo":{"@type":"ImageObject","inLanguage":"de","@id":"https:\/\/spielerlebnis-ahlten.de\/#\/schema\/logo\/image\/","url":"https:\/\/spielerlebnis-ahlten.de\/wp-content\/uploads\/2025\/03\/cropped-WhatsApp-Image-2025-03-30-at-17.45.51.jpeg","contentUrl":"https:\/\/spielerlebnis-ahlten.de\/wp-content\/uploads\/2025\/03\/cropped-WhatsApp-Image-2025-03-30-at-17.45.51.jpeg","width":1024,"height":1024,"caption":"Spielerlebnis Ahlten"},"image":{"@id":"https:\/\/spielerlebnis-ahlten.de\/#\/schema\/logo\/image\/"}}]}},"_links":{"self":[{"href":"https:\/\/spielerlebnis-ahlten.de\/index.php?rest_route=\/wp\/v2\/pages\/90","targetHints":{"allow":["GET"]}}],"collection":[{"href":"https:\/\/spielerlebnis-ahlten.de\/index.php?rest_route=\/wp\/v2\/pages"}],"about":[{"href":"https:\/\/spielerlebnis-ahlten.de\/index.php?rest_route=\/wp\/v2\/types\/page"}],"author":[{"embeddable":true,"href":"https:\/\/spielerlebnis-ahlten.de\/index.php?rest_route=\/wp\/v2\/users\/1"}],"replies":[{"embeddable":true,"href":"https:\/\/spielerlebnis-ahlten.de\/index.php?rest_route=%2Fwp%2Fv2%2Fcomments&post=90"}],"version-history":[{"count":15,"href":"https:\/\/spielerlebnis-ahlten.de\/index.php?rest_route=\/wp\/v2\/pages\/90\/revisions"}],"predecessor-version":[{"id":299,"href":"https:\/\/spielerlebnis-ahlten.de\/index.php?rest_route=\/wp\/v2\/pages\/90\/revisions\/299"}],"wp:attachment":[{"href":"https:\/\/spielerlebnis-ahlten.de\/index.php?rest_route=%2Fwp%2Fv2%2Fmedia&parent=90"}],"curies":[{"name":"wp","href":"https:\/\/api.w.org\/{rel}","templated":true}]}}