{"id":364,"date":"2026-04-07T20:04:06","date_gmt":"2026-04-07T20:04:06","guid":{"rendered":"https:\/\/spielerlebnis-ahlten.de\/?page_id=364"},"modified":"2026-04-07T20:24:52","modified_gmt":"2026-04-07T20:24:52","slug":"softeismaschine-mieten","status":"publish","type":"page","link":"https:\/\/spielerlebnis-ahlten.de\/?page_id=364","title":{"rendered":"Softeismaschine"},"content":{"rendered":"\n<div style=\"height:50px\" aria-hidden=\"true\" class=\"wp-block-spacer\"><\/div>\n\n\n\n<h2 class=\"wp-block-heading has-text-align-center has-text-color has-link-color wp-elements-39950d555445e72452e5c777eed4ec06\" style=\"color:#004f87\"><strong>\ud83c\udf66 Softeismaschine mieten in Ahlten, Lehrte &amp; Hannover<\/strong><\/h2>\n\n\n\n<div style=\"height:50px\" aria-hidden=\"true\" class=\"wp-block-spacer\"><\/div>\n\n\n\n<h2 class=\"wp-block-heading has-text-align-center has-text-color has-link-color wp-elements-ce1d21c81a0a832a846ac545070890ad\" style=\"color:#004f87\"><strong>Frisches Softeis f\u00fcr dein Event \u2013 einfach, lecker &amp; ein echtes Highlight<\/strong><\/h2>\n\n\n\n<h3 class=\"wp-block-heading has-text-align-center\">Softeismaschine mieten f\u00fcr Geburtstag, Hochzeit oder Firmenevent<\/h3>\n\n\n\n<p class=\"has-text-align-center\">Mieten Sie jetzt eine <strong>Softeismaschine f\u00fcr Ihr Event<\/strong> und sorgen Sie f\u00fcr ein echtes Highlight bei Ihren G\u00e4sten! Frisches Softeis begeistert Kinder und Erwachsene gleicherma\u00dfen \u2013 perfekt f\u00fcr Sommerfeste, Feiern oder Veranstaltungen.<\/p>\n\n\n\n<p class=\"has-text-align-center\">Ideal geeignet f\u00fcr <strong>Kindergeburtstage, Hochzeiten, Gartenpartys sowie Vereins- und Firmenevents<\/strong>.<\/p>\n\n\n\n<p class=\"has-text-align-center\">\ud83d\udc49 Besonders praktisch:<br>Vereine und Firmen k\u00f6nnen das Eis <strong>auch ganz einfach verkaufen<\/strong> und so Einnahmen erzielen.<\/p>\n\n\n\n<div style=\"height:50px\" aria-hidden=\"true\" class=\"wp-block-spacer\"><\/div>\n\n\n\n<div class=\"wp-block-columns is-layout-flex wp-container-core-columns-is-layout-28f84493 wp-block-columns-is-layout-flex\">\n<div class=\"wp-block-column is-layout-flow wp-block-column-is-layout-flow\">\n<figure class=\"wp-block-image size-full is-resized\"><img loading=\"lazy\" decoding=\"async\" width=\"680\" height=\"903\" src=\"https:\/\/spielerlebnis-ahlten.de\/wp-content\/uploads\/2026\/04\/Softeismaschine-mieten.png\" alt=\"\" class=\"wp-image-374\" style=\"width:565px;height:auto\" srcset=\"https:\/\/spielerlebnis-ahlten.de\/wp-content\/uploads\/2026\/04\/Softeismaschine-mieten.png 680w, https:\/\/spielerlebnis-ahlten.de\/wp-content\/uploads\/2026\/04\/Softeismaschine-mieten-226x300.png 226w\" sizes=\"auto, (max-width: 680px) 100vw, 680px\" \/><\/figure>\n<\/div>\n\n\n\n<div class=\"wp-block-column is-layout-flow wp-block-column-is-layout-flow\">\n<div style=\"height:50px\" aria-hidden=\"true\" class=\"wp-block-spacer\"><\/div>\n\n\n\n<h2 class=\"wp-block-heading has-text-color has-link-color wp-elements-e9bcd30ca90195bdc4c5814ea165c1d9\" style=\"color:#004f87\"><strong>\ud83c\udf68 Ausstattung &amp; Funktionen<\/strong><\/h2>\n\n\n\n<ul class=\"wp-block-list\">\n<li>Einfache Bedienung \u2013 direkt einsatzbereit<\/li>\n\n\n\n<li>Frisches Softeis auf Knopfdruck<\/li>\n\n\n\n<li>Kompakt &amp; transportfreundlich<\/li>\n\n\n\n<li>Perfekt f\u00fcr kleine und gro\u00dfe Events<\/li>\n<\/ul>\n\n\n\n<div style=\"height:50px\" aria-hidden=\"true\" class=\"wp-block-spacer\"><\/div>\n\n\n\n<h2 class=\"wp-block-heading has-text-color has-link-color wp-elements-af1368b8a013c1e3a6604cdc40c26c59\" style=\"color:#004f87\"><strong>\ud83c\udf53\ud83c\udf6b\ud83c\udf66 Geschmacksrichtungen<\/strong><\/h2>\n\n\n\n<p>W\u00e4hlen Sie <strong>2 aus 3 Sorten<\/strong>:<\/p>\n\n\n\n<ul class=\"wp-block-list\">\n<li>Erdbeere<\/li>\n\n\n\n<li>Schokolade<\/li>\n\n\n\n<li>Vanille<\/li>\n<\/ul>\n\n\n\n<p>\ud83d\udc49 Weitere Sorten sind auf Anfrage m\u00f6glich<br>(Hinweis: Bei Sonder-Sorten ist keine R\u00fcckgabe m\u00f6glich)<\/p>\n<\/div>\n<\/div>\n\n\n\n<div style=\"height:50px\" aria-hidden=\"true\" class=\"wp-block-spacer\"><\/div>\n\n\n\n<div class=\"wp-block-buttons is-content-justification-center is-layout-flex wp-container-core-buttons-is-layout-72caf8c6 wp-block-buttons-is-layout-flex\">\n<div class=\"wp-block-button\"><a class=\"wp-block-button__link has-contrast-color has-text-color has-background has-link-color has-text-align-center wp-element-button\" href=\"https:\/\/spielerlebnis-ahlten.de\/?page_id=90\" style=\"background-color:#004f87\">\ud83d\udce9 Jetzt Anfragen<\/a><\/div>\n<\/div>\n\n\n\n<div style=\"height:50px\" aria-hidden=\"true\" class=\"wp-block-spacer\"><\/div>\n\n\n\n<h2 class=\"wp-block-heading has-text-align-center has-text-color has-link-color wp-elements-be35ba2793d012b279ec773f2a43954f\" style=\"color:#004f87\"><strong>\ud83d\udcb0 Preise &amp; Portionen<\/strong><\/h2>\n\n\n\n<div class=\"wp-block-columns is-layout-flex wp-container-core-columns-is-layout-28f84493 wp-block-columns-is-layout-flex\">\n<div class=\"wp-block-column is-layout-flow wp-block-column-is-layout-flow\">\n<p>Unsere Pakete beinhalten alles, was Sie ben\u00f6tigen:<\/p>\n\n\n\n<ul class=\"wp-block-list\">\n<li><strong>120 Portionen \u2192 130 \u20ac<\/strong><\/li>\n\n\n\n<li><strong>240 Portionen \u2192 190 \u20ac<\/strong><\/li>\n\n\n\n<li><strong>360 Portionen \u2192 240 \u20ac<\/strong><\/li>\n\n\n\n<li><strong>480 Portionen \u2192 290 \u20ac<\/strong><\/li>\n<\/ul>\n<\/div>\n\n\n\n<div class=\"wp-block-column is-layout-flow wp-block-column-is-layout-flow\">\n<p>\ud83d\udc49 Im Preis enthalten:<\/p>\n\n\n\n<ul class=\"wp-block-list\">\n<li>Softeismaschine (1 Tag Miete)<\/li>\n\n\n\n<li>Eismix<\/li>\n\n\n\n<li>Waffeln<\/li>\n<\/ul>\n\n\n\n<p>\ud83d\udca1 Eine Packung ergibt ca. <strong>60 Portionen<\/strong><\/p>\n<\/div>\n<\/div>\n\n\n\n<div style=\"height:50px\" aria-hidden=\"true\" class=\"wp-block-spacer\"><\/div>\n\n\n\n<h2 class=\"wp-block-heading has-text-align-center has-text-color has-link-color wp-elements-872617d4b28b1262b221e6ad1f208902\" style=\"color:#004f87\"><strong>\ud83d\udcb0 Ideal f\u00fcr Vereine, Feuerwehren &amp; Dorffeste<\/strong><\/h2>\n\n\n\n<p>Unsere Softeismaschine eignet sich perfekt f\u00fcr <strong>Vereine, Feuerwehren und Dorffeste<\/strong>, um die Vereinskasse aufzubessern.<br>Gerade bei Veranstaltungen mit vielen Besuchern ist Softeis ein echter Klassiker \u2013 beliebt bei Kindern, Familien und Erwachsenen gleicherma\u00dfen.<\/p>\n\n\n\n<p><strong>\ud83d\udc49 Der Vorteil:<\/strong><br>Mit wenig Aufwand und ohne komplizierte Vorbereitung kann ein <strong>attraktiver Verkaufsstand<\/strong> aufgebaut werden, der schnell f\u00fcr zus\u00e4tzliche Einnahmen sorgt.<\/p>\n\n\n\n<p><strong>\ud83d\udc49 Das Beste:<\/strong><br>Das Eis kann ganz einfach f\u00fcr <strong>2,00 \u20ac bis 2,50 \u20ac pro Portion verkauft werden<\/strong>.<\/p>\n\n\n\n<h3 class=\"wp-block-heading\">\ud83d\udcca Beispielrechnung bei 2,00 \u20ac pro Eis:<\/h3>\n\n\n\n<ul class=\"wp-block-list\">\n<li>120 Portionen \u2192 <strong>240 \u20ac Umsatz<\/strong><\/li>\n\n\n\n<li>240 Portionen \u2192 <strong>480 \u20ac Umsatz<\/strong><\/li>\n\n\n\n<li>360 Portionen \u2192 <strong>720 \u20ac Umsatz<\/strong><\/li>\n\n\n\n<li>480 Portionen \u2192 <strong>960 \u20ac Umsatz<\/strong><\/li>\n<\/ul>\n\n\n\n<p>\ud83d\udc49 So lassen sich mit wenig Aufwand <strong>attraktive Einnahmen erzielen<\/strong>, w\u00e4hrend gleichzeitig ein Highlight f\u00fcr Besucher geschaffen wird.<\/p>\n\n\n\n<p>\u2714\ufe0f Einfacher Verkauf<br>\u2714\ufe0f Hohe Nachfrage bei Gro\u00df &amp; Klein<br>\u2714\ufe0f Schnelle Amortisation der Kosten<\/p>\n\n\n\n<p>\ud83d\udc49 Eine perfekte Kombination aus Spa\u00df und Einnahmequelle f\u00fcr Ihr Event!<\/p>\n\n\n\n<div class=\"wp-block-buttons is-content-justification-center is-layout-flex wp-container-core-buttons-is-layout-72caf8c6 wp-block-buttons-is-layout-flex\">\n<div class=\"wp-block-button\"><a class=\"wp-block-button__link has-contrast-color has-text-color has-background has-link-color has-text-align-center wp-element-button\" href=\"https:\/\/spielerlebnis-ahlten.de\/?page_id=90\" style=\"background-color:#004f87\">\ud83d\udce9 Jetzt Anfragen<\/a><\/div>\n<\/div>\n\n\n\n<div style=\"height:50px\" aria-hidden=\"true\" class=\"wp-block-spacer\"><\/div>\n\n\n\n<h2 class=\"wp-block-heading has-text-align-center has-text-color has-link-color wp-elements-fd144b2549a69b456db6e2d1da4d4475\" style=\"color:#004f87\"><strong>\ud83d\udccd Softeismaschine mieten in Ahlten, Lehrte &amp; Hannover<\/strong><\/h2>\n\n\n\n<p class=\"has-text-align-center\">Mit Spielerlebnis Ahlten erhalten Sie eine <strong>einfache, flexible und leckere L\u00f6sung<\/strong> f\u00fcr Ihr Event \u2013 alles aus einer Hand.<\/p>\n\n\n\n<p><\/p>\n","protected":false},"excerpt":{"rendered":"<p>\ud83c\udf66 Softeismaschine mieten in Ahlten, Lehrte &amp; Hannover Frisches Softeis f\u00fcr dein Event \u2013 einfach, lecker &amp; ein echtes Highlight Softeismaschine mieten f\u00fcr Geburtstag, Hochzeit oder Firmenevent Mieten Sie jetzt eine Softeismaschine f\u00fcr Ihr Event und sorgen Sie f\u00fcr ein echtes Highlight bei Ihren G\u00e4sten! Frisches Softeis begeistert Kinder und Erwachsene gleicherma\u00dfen \u2013 perfekt f\u00fcr [&hellip;]<\/p>\n","protected":false},"author":1,"featured_media":0,"parent":0,"menu_order":0,"comment_status":"closed","ping_status":"closed","template":"","meta":{"footnotes":""},"class_list":["post-364","page","type-page","status-publish","hentry"],"yoast_head":"<!-- This site is optimized with the Yoast SEO plugin v27.1.1 - https:\/\/yoast.com\/product\/yoast-seo-wordpress\/ -->\n<title>Softeismaschine - Spielerlebnis Ahlten<\/title>\n<meta name=\"description\" content=\"Softeismaschine mieten in Hannover, Lehrte &amp; Ahlten. Inkl. Eis &amp; Waffeln \u2013 perfekt f\u00fcr Events, Firmen &amp; Vereine.\" \/>\n<meta name=\"robots\" content=\"index, follow, max-snippet:-1, max-image-preview:large, max-video-preview:-1\" \/>\n<link rel=\"canonical\" href=\"https:\/\/spielerlebnis-ahlten.de\/?page_id=364\" \/>\n<meta property=\"og:locale\" content=\"de_DE\" \/>\n<meta property=\"og:type\" content=\"article\" \/>\n<meta property=\"og:title\" content=\"Softeismaschine - Spielerlebnis Ahlten\" \/>\n<meta property=\"og:description\" content=\"Softeismaschine mieten in Hannover, Lehrte &amp; Ahlten. Inkl. Eis &amp; Waffeln \u2013 perfekt f\u00fcr Events, Firmen &amp; Vereine.\" \/>\n<meta property=\"og:url\" content=\"https:\/\/spielerlebnis-ahlten.de\/?page_id=364\" \/>\n<meta property=\"og:site_name\" content=\"Spielerlebnis Ahlten\" \/>\n<meta property=\"article:modified_time\" content=\"2026-04-07T20:24:52+00:00\" \/>\n<meta property=\"og:image\" content=\"https:\/\/spielerlebnis-ahlten.de\/wp-content\/uploads\/2026\/04\/Softeismaschine-mieten.png\" \/>\n\t<meta property=\"og:image:width\" content=\"680\" \/>\n\t<meta property=\"og:image:height\" content=\"903\" \/>\n\t<meta property=\"og:image:type\" content=\"image\/png\" \/>\n<meta name=\"twitter:card\" content=\"summary_large_image\" \/>\n<meta name=\"twitter:label1\" content=\"Gesch\u00e4tzte Lesezeit\" \/>\n\t<meta name=\"twitter:data1\" content=\"3\u00a0Minuten\" \/>\n<script type=\"application\/ld+json\" class=\"yoast-schema-graph\">{\"@context\":\"https:\/\/schema.org\",\"@graph\":[{\"@type\":\"WebPage\",\"@id\":\"https:\/\/spielerlebnis-ahlten.de\/?page_id=364\",\"url\":\"https:\/\/spielerlebnis-ahlten.de\/?page_id=364\",\"name\":\"Softeismaschine - Spielerlebnis Ahlten\",\"isPartOf\":{\"@id\":\"https:\/\/spielerlebnis-ahlten.de\/#website\"},\"primaryImageOfPage\":{\"@id\":\"https:\/\/spielerlebnis-ahlten.de\/?page_id=364#primaryimage\"},\"image\":{\"@id\":\"https:\/\/spielerlebnis-ahlten.de\/?page_id=364#primaryimage\"},\"thumbnailUrl\":\"https:\/\/spielerlebnis-ahlten.de\/wp-content\/uploads\/2026\/04\/Softeismaschine-mieten.png\",\"datePublished\":\"2026-04-07T20:04:06+00:00\",\"dateModified\":\"2026-04-07T20:24:52+00:00\",\"description\":\"Softeismaschine mieten in Hannover, Lehrte & Ahlten. Inkl. Eis & Waffeln \u2013 perfekt f\u00fcr Events, Firmen & Vereine.\",\"breadcrumb\":{\"@id\":\"https:\/\/spielerlebnis-ahlten.de\/?page_id=364#breadcrumb\"},\"inLanguage\":\"de\",\"potentialAction\":[{\"@type\":\"ReadAction\",\"target\":[\"https:\/\/spielerlebnis-ahlten.de\/?page_id=364\"]}]},{\"@type\":\"ImageObject\",\"inLanguage\":\"de\",\"@id\":\"https:\/\/spielerlebnis-ahlten.de\/?page_id=364#primaryimage\",\"url\":\"https:\/\/spielerlebnis-ahlten.de\/wp-content\/uploads\/2026\/04\/Softeismaschine-mieten.png\",\"contentUrl\":\"https:\/\/spielerlebnis-ahlten.de\/wp-content\/uploads\/2026\/04\/Softeismaschine-mieten.png\",\"width\":680,\"height\":903},{\"@type\":\"BreadcrumbList\",\"@id\":\"https:\/\/spielerlebnis-ahlten.de\/?page_id=364#breadcrumb\",\"itemListElement\":[{\"@type\":\"ListItem\",\"position\":1,\"name\":\"Startseite\",\"item\":\"https:\/\/spielerlebnis-ahlten.de\/\"},{\"@type\":\"ListItem\",\"position\":2,\"name\":\"Softeismaschine\"}]},{\"@type\":\"WebSite\",\"@id\":\"https:\/\/spielerlebnis-ahlten.de\/#website\",\"url\":\"https:\/\/spielerlebnis-ahlten.de\/\",\"name\":\"Spielerlebnis Ahlten\",\"description\":\"Herzlich Willkommen im Spielerlebnis Ahlten\",\"publisher\":{\"@id\":\"https:\/\/spielerlebnis-ahlten.de\/#organization\"},\"potentialAction\":[{\"@type\":\"SearchAction\",\"target\":{\"@type\":\"EntryPoint\",\"urlTemplate\":\"https:\/\/spielerlebnis-ahlten.de\/?s={search_term_string}\"},\"query-input\":{\"@type\":\"PropertyValueSpecification\",\"valueRequired\":true,\"valueName\":\"search_term_string\"}}],\"inLanguage\":\"de\"},{\"@type\":\"Organization\",\"@id\":\"https:\/\/spielerlebnis-ahlten.de\/#organization\",\"name\":\"Spielerlebnis Ahlten\",\"url\":\"https:\/\/spielerlebnis-ahlten.de\/\",\"logo\":{\"@type\":\"ImageObject\",\"inLanguage\":\"de\",\"@id\":\"https:\/\/spielerlebnis-ahlten.de\/#\/schema\/logo\/image\/\",\"url\":\"https:\/\/spielerlebnis-ahlten.de\/wp-content\/uploads\/2025\/03\/cropped-WhatsApp-Image-2025-03-30-at-17.45.51.jpeg\",\"contentUrl\":\"https:\/\/spielerlebnis-ahlten.de\/wp-content\/uploads\/2025\/03\/cropped-WhatsApp-Image-2025-03-30-at-17.45.51.jpeg\",\"width\":1024,\"height\":1024,\"caption\":\"Spielerlebnis Ahlten\"},\"image\":{\"@id\":\"https:\/\/spielerlebnis-ahlten.de\/#\/schema\/logo\/image\/\"}}]}<\/script>\n<!-- \/ Yoast SEO plugin. -->","yoast_head_json":{"title":"Softeismaschine - Spielerlebnis Ahlten","description":"Softeismaschine mieten in Hannover, Lehrte & Ahlten. Inkl. Eis & Waffeln \u2013 perfekt f\u00fcr Events, Firmen & Vereine.","robots":{"index":"index","follow":"follow","max-snippet":"max-snippet:-1","max-image-preview":"max-image-preview:large","max-video-preview":"max-video-preview:-1"},"canonical":"https:\/\/spielerlebnis-ahlten.de\/?page_id=364","og_locale":"de_DE","og_type":"article","og_title":"Softeismaschine - Spielerlebnis Ahlten","og_description":"Softeismaschine mieten in Hannover, Lehrte & Ahlten. Inkl. Eis & Waffeln \u2013 perfekt f\u00fcr Events, Firmen & Vereine.","og_url":"https:\/\/spielerlebnis-ahlten.de\/?page_id=364","og_site_name":"Spielerlebnis Ahlten","article_modified_time":"2026-04-07T20:24:52+00:00","og_image":[{"width":680,"height":903,"url":"https:\/\/spielerlebnis-ahlten.de\/wp-content\/uploads\/2026\/04\/Softeismaschine-mieten.png","type":"image\/png"}],"twitter_card":"summary_large_image","twitter_misc":{"Gesch\u00e4tzte Lesezeit":"3\u00a0Minuten"},"schema":{"@context":"https:\/\/schema.org","@graph":[{"@type":"WebPage","@id":"https:\/\/spielerlebnis-ahlten.de\/?page_id=364","url":"https:\/\/spielerlebnis-ahlten.de\/?page_id=364","name":"Softeismaschine - Spielerlebnis Ahlten","isPartOf":{"@id":"https:\/\/spielerlebnis-ahlten.de\/#website"},"primaryImageOfPage":{"@id":"https:\/\/spielerlebnis-ahlten.de\/?page_id=364#primaryimage"},"image":{"@id":"https:\/\/spielerlebnis-ahlten.de\/?page_id=364#primaryimage"},"thumbnailUrl":"https:\/\/spielerlebnis-ahlten.de\/wp-content\/uploads\/2026\/04\/Softeismaschine-mieten.png","datePublished":"2026-04-07T20:04:06+00:00","dateModified":"2026-04-07T20:24:52+00:00","description":"Softeismaschine mieten in Hannover, Lehrte & Ahlten. Inkl. Eis & Waffeln \u2013 perfekt f\u00fcr Events, Firmen & Vereine.","breadcrumb":{"@id":"https:\/\/spielerlebnis-ahlten.de\/?page_id=364#breadcrumb"},"inLanguage":"de","potentialAction":[{"@type":"ReadAction","target":["https:\/\/spielerlebnis-ahlten.de\/?page_id=364"]}]},{"@type":"ImageObject","inLanguage":"de","@id":"https:\/\/spielerlebnis-ahlten.de\/?page_id=364#primaryimage","url":"https:\/\/spielerlebnis-ahlten.de\/wp-content\/uploads\/2026\/04\/Softeismaschine-mieten.png","contentUrl":"https:\/\/spielerlebnis-ahlten.de\/wp-content\/uploads\/2026\/04\/Softeismaschine-mieten.png","width":680,"height":903},{"@type":"BreadcrumbList","@id":"https:\/\/spielerlebnis-ahlten.de\/?page_id=364#breadcrumb","itemListElement":[{"@type":"ListItem","position":1,"name":"Startseite","item":"https:\/\/spielerlebnis-ahlten.de\/"},{"@type":"ListItem","position":2,"name":"Softeismaschine"}]},{"@type":"WebSite","@id":"https:\/\/spielerlebnis-ahlten.de\/#website","url":"https:\/\/spielerlebnis-ahlten.de\/","name":"Spielerlebnis Ahlten","description":"Herzlich Willkommen im Spielerlebnis Ahlten","publisher":{"@id":"https:\/\/spielerlebnis-ahlten.de\/#organization"},"potentialAction":[{"@type":"SearchAction","target":{"@type":"EntryPoint","urlTemplate":"https:\/\/spielerlebnis-ahlten.de\/?s={search_term_string}"},"query-input":{"@type":"PropertyValueSpecification","valueRequired":true,"valueName":"search_term_string"}}],"inLanguage":"de"},{"@type":"Organization","@id":"https:\/\/spielerlebnis-ahlten.de\/#organization","name":"Spielerlebnis Ahlten","url":"https:\/\/spielerlebnis-ahlten.de\/","logo":{"@type":"ImageObject","inLanguage":"de","@id":"https:\/\/spielerlebnis-ahlten.de\/#\/schema\/logo\/image\/","url":"https:\/\/spielerlebnis-ahlten.de\/wp-content\/uploads\/2025\/03\/cropped-WhatsApp-Image-2025-03-30-at-17.45.51.jpeg","contentUrl":"https:\/\/spielerlebnis-ahlten.de\/wp-content\/uploads\/2025\/03\/cropped-WhatsApp-Image-2025-03-30-at-17.45.51.jpeg","width":1024,"height":1024,"caption":"Spielerlebnis Ahlten"},"image":{"@id":"https:\/\/spielerlebnis-ahlten.de\/#\/schema\/logo\/image\/"}}]}},"_links":{"self":[{"href":"https:\/\/spielerlebnis-ahlten.de\/index.php?rest_route=\/wp\/v2\/pages\/364","targetHints":{"allow":["GET"]}}],"collection":[{"href":"https:\/\/spielerlebnis-ahlten.de\/index.php?rest_route=\/wp\/v2\/pages"}],"about":[{"href":"https:\/\/spielerlebnis-ahlten.de\/index.php?rest_route=\/wp\/v2\/types\/page"}],"author":[{"embeddable":true,"href":"https:\/\/spielerlebnis-ahlten.de\/index.php?rest_route=\/wp\/v2\/users\/1"}],"replies":[{"embeddable":true,"href":"https:\/\/spielerlebnis-ahlten.de\/index.php?rest_route=%2Fwp%2Fv2%2Fcomments&post=364"}],"version-history":[{"count":6,"href":"https:\/\/spielerlebnis-ahlten.de\/index.php?rest_route=\/wp\/v2\/pages\/364\/revisions"}],"predecessor-version":[{"id":376,"href":"https:\/\/spielerlebnis-ahlten.de\/index.php?rest_route=\/wp\/v2\/pages\/364\/revisions\/376"}],"wp:attachment":[{"href":"https:\/\/spielerlebnis-ahlten.de\/index.php?rest_route=%2Fwp%2Fv2%2Fmedia&parent=364"}],"curies":[{"name":"wp","href":"https:\/\/api.w.org\/{rel}","templated":true}]}}